{"id":215,"date":"2014-08-22T07:21:58","date_gmt":"2014-08-22T07:21:58","guid":{"rendered":"https:\/\/cruisingindonesia.com\/informacion-sobre-indonesia\/"},"modified":"2014-08-22T07:21:58","modified_gmt":"2014-08-22T07:21:58","slug":"informacion-sobre-indonesia","status":"publish","type":"page","link":"https:\/\/cruisingindonesia.com\/es\/informacion-sobre-indonesia\/","title":{"rendered":"Informacion sobre Indonesia"},"content":{"rendered":"<p>Ubicadas entorno a la l\u00ednea ecuatorial, las 17.500* islas y atolones que lo conforman se extienden por casi 5.000 km de Este a Oeste y por m\u00e1s de 2.000 km de Norte a Sur. Dos millones de kil\u00f3metros cuadrados de tierra, monta\u00f1as, selva y 3 millones de kil\u00f3metros cuadrados de mar, 6 mares, 80.000 km de costa y cientos de arrecifes que albergan la mayor biodiversidad marina del planeta -el 17% de los corales existentes en el mundo se encuentran en Indonesia-, sin lugar a dudas un paraiso para el buceo.<\/p>\n<p>Indonesia re\u00fane una asombrosa cantidad de grupos \u00e9tnicos y, como consecuencia, un patrimonio multicultural particularmente singular. La morfolog\u00eda monta\u00f1osa del pa\u00eds, as\u00ed como el hecho de ser compuesto en su mayor\u00eda por islas, ha favorecido el aislamiento de muchos grupos humanos, dando lugar a grupos \u00e9tnicos (m\u00e1s de 400), con tradiciones distintas y una extraordinaria diversidad de lenguas y culturas en todo el archipi\u00e9lago.<\/p>\n<p>Culturas \u00fanicas y fascinantes, como la de Bali, donde la religi\u00f3n es el centro de la vida social y la gente muestra una particular creatividad y elegancia durante sus bell\u00edsimas ceremonias; o el asombroso mundo de la gente de Toraja, en la isla de Sulawesi, en sus famosos funerales las familias pueden consumir un entero patrimonio para pagar el sacrificio de b\u00fafalos propiciatorios; o Sumba, donde guerreros de diferentes tribus se desafian con rudimentarias lanzas en batallas a caballo durante el Festival de Pasola, un antiguo y espectacular ritual de guerra. En muchas otras regiones como Flores, Alor o Pap\u00faa Occidental sus habitantes, a\u00fan ahora, conservan ancestrales ritos y pr\u00e1cticas animistas.<\/p>\n<p><img loading=\"lazy\" decoding=\"async\" class=\" size-full wp-image-213\" src=\"https:\/\/cruisingindonesia.com\/wp-content\/uploads\/2014\/08\/indonesian_archipelago_mozaic.bmp\" alt=\"Indonesian Archipelago Overview\" width=\"1124\" height=\"578\" srcset=\"https:\/\/cruisingindonesia.com\/wp-content\/uploads\/2014\/08\/indonesian_archipelago_mozaic.bmp 1124w, https:\/\/cruisingindonesia.com\/wp-content\/uploads\/2014\/08\/indonesian_archipelago_mozaic-1000x514.jpg 1000w, https:\/\/cruisingindonesia.com\/wp-content\/uploads\/2014\/08\/indonesian_archipelago_mozaic-875x450.jpg 875w, https:\/\/cruisingindonesia.com\/wp-content\/uploads\/2014\/08\/indonesian_archipelago_mozaic-768x395.jpg 768w\" sizes=\"auto, (max-width: 1124px) 100vw, 1124px\" \/><\/p>\n<p>En t\u00e9rminos de paisaje, Indonesia ofrece una gran variedad de escenarios. Islas enormes como Sumatra, grande tanto como Espa\u00f1a, o Papua Occidental, casi dos veces el Reino Unido. Volcanes y monta\u00f1as que con frecuencia alcanzan 3.000 metros. El pico m\u00e1s alto del pa\u00eds, Puncak Jaya, en Papua Occidental, tiene 5.050 metros de altura. Mir\u00edadas de peque\u00f1as islas y atolones esparcidos en la superficie del mar ofrecen a los viajeros desiertas playas de arena blanca sombreadas por palmeras, lagunas turquesa y peque\u00f1as caletas de pescadores.<\/p>\n<p>Viajar en Indonesia es bucear en la frontera \u00faltima del diving, una regi\u00f3n donde se concentran tantos de los mejores sitios de submarinismo del mundo y donde cada a\u00f1o se descubren nuevos. Viajar en Indonesia es tambi\u00e9n, recorrer rutas fuera de los cl\u00e1sicos itinerarios del turismo de masa, id\u00edlicas playas de tarjeta postal, desconocidas culturas\u2026 pero tambi\u00e9n, hoteles y resorts de clase internacional, lujosas villas, fabulosos spas, vida nocturna, restaurantes y una renombrada hospitalidad reconocida en todo el mundo. Definitivamente, el gran final para un viaje realmente inolvidable&#8230;<\/p>\n<p>______<\/p>\n<p><sub>(*) 18.307 de acuerdo al National Institute of Aeronautics and Space<\/sub><\/p>\n<hr \/>\n<h2 style=\"text-align: center;\"><sub>Cruising Indonesia | Los Especialistas del Buceo Liveaboard<\/sub><\/h2>\n<p>Cruising Indonesia se compromete a garantizarte unas vacaciones de buceo perfectas con el mejor precio garantizado. Cont\u00e1ctanos y organizaremos todo lo necesario: todos los detalles de tu reserva en un liveaboard o resort, los servicios de conexi\u00f3n a tierra, los vuelos nacionales e internacionales, una estad\u00eda especial en una magn\u00edfica villa, un inolvidable tour&#8230;<\/p>\n<p style=\"text-align: center;\"><a class=\"button\" href=\"\/es\/contacto\"> \u00a1RESERVA UN VIAJE EN INDONESIA!<\/a><\/p>\n","protected":false},"excerpt":{"rendered":"<p>Ubicadas entorno a la l\u00ednea ecuatorial, las 17.500* islas y atolones que lo conforman se extienden por casi 5.000 km de Este a Oeste y por m\u00e1s de 2.000 km de Norte a Sur. Dos millones de kil\u00f3metros cuadrados de tierra, monta\u00f1as, selva y 3 millones de kil\u00f3metros cuadrados de mar, 6 mares, 80.000 km [&hellip;]<\/p>\n","protected":false},"author":1,"featured_media":213,"parent":0,"menu_order":22,"comment_status":"closed","ping_status":"closed","template":"","meta":{"footnotes":""},"class_list":["post-215","page","type-page","status-publish","has-post-thumbnail","hentry"],"yoast_head":"<!-- This site is optimized with the Yoast SEO plugin v27.4 - https:\/\/yoast.com\/product\/yoast-seo-wordpress\/ -->\n<title>Informacion sobre Indonesia - Cruising Indonesia<\/title>\n<meta name=\"robots\" content=\"index, follow, max-snippet:-1, max-image-preview:large, max-video-preview:-1\" \/>\n<link rel=\"canonical\" href=\"https:\/\/cruisingindonesia.com\/es\/informacion-sobre-indonesia\/\" \/>\n<meta property=\"og:locale\" content=\"es_ES\" \/>\n<meta property=\"og:type\" content=\"article\" \/>\n<meta property=\"og:title\" content=\"Informacion sobre Indonesia - Cruising Indonesia\" \/>\n<meta property=\"og:description\" content=\"Ubicadas entorno a la l\u00ednea ecuatorial, las 17.500* islas y atolones que lo conforman se extienden por casi 5.000 km de Este a Oeste y por m\u00e1s de 2.000 km de Norte a Sur. Dos millones de kil\u00f3metros cuadrados de tierra, monta\u00f1as, selva y 3 millones de kil\u00f3metros cuadrados de mar, 6 mares, 80.000 km [&hellip;]\" \/>\n<meta property=\"og:url\" content=\"https:\/\/cruisingindonesia.com\/es\/informacion-sobre-indonesia\/\" \/>\n<meta property=\"og:site_name\" content=\"Cruising Indonesia\" \/>\n<meta property=\"article:publisher\" content=\"https:\/\/www.facebook.com\/CRUISING.INDONESIA\" \/>\n<meta name=\"twitter:card\" content=\"summary_large_image\" \/>\n<meta name=\"twitter:site\" content=\"@jazcruise\" \/>\n<meta name=\"twitter:label1\" content=\"Tiempo de lectura\" \/>\n\t<meta name=\"twitter:data1\" content=\"3 minutos\" \/>\n<script type=\"application\/ld+json\" class=\"yoast-schema-graph\">{\"@context\":\"https:\\\/\\\/schema.org\",\"@graph\":[{\"@type\":\"WebPage\",\"@id\":\"https:\\\/\\\/cruisingindonesia.com\\\/es\\\/informacion-sobre-indonesia\\\/\",\"url\":\"https:\\\/\\\/cruisingindonesia.com\\\/es\\\/informacion-sobre-indonesia\\\/\",\"name\":\"Informacion sobre Indonesia - Cruising Indonesia\",\"isPartOf\":{\"@id\":\"https:\\\/\\\/cruisingindonesia.com\\\/es\\\/#website\"},\"primaryImageOfPage\":{\"@id\":\"https:\\\/\\\/cruisingindonesia.com\\\/es\\\/informacion-sobre-indonesia\\\/#primaryimage\"},\"image\":{\"@id\":\"https:\\\/\\\/cruisingindonesia.com\\\/es\\\/informacion-sobre-indonesia\\\/#primaryimage\"},\"thumbnailUrl\":\"https:\\\/\\\/cruisingindonesia.com\\\/wp-content\\\/uploads\\\/2014\\\/08\\\/indonesian_archipelago_mozaic.bmp\",\"datePublished\":\"2014-08-22T07:21:58+00:00\",\"breadcrumb\":{\"@id\":\"https:\\\/\\\/cruisingindonesia.com\\\/es\\\/informacion-sobre-indonesia\\\/#breadcrumb\"},\"inLanguage\":\"es\",\"potentialAction\":[{\"@type\":\"ReadAction\",\"target\":[\"https:\\\/\\\/cruisingindonesia.com\\\/es\\\/informacion-sobre-indonesia\\\/\"]}]},{\"@type\":\"ImageObject\",\"inLanguage\":\"es\",\"@id\":\"https:\\\/\\\/cruisingindonesia.com\\\/es\\\/informacion-sobre-indonesia\\\/#primaryimage\",\"url\":\"https:\\\/\\\/cruisingindonesia.com\\\/wp-content\\\/uploads\\\/2014\\\/08\\\/indonesian_archipelago_mozaic.bmp\",\"contentUrl\":\"https:\\\/\\\/cruisingindonesia.com\\\/wp-content\\\/uploads\\\/2014\\\/08\\\/indonesian_archipelago_mozaic.bmp\",\"width\":1124,\"height\":578,\"caption\":\"Indonesian Archipelago Overview\"},{\"@type\":\"BreadcrumbList\",\"@id\":\"https:\\\/\\\/cruisingindonesia.com\\\/es\\\/informacion-sobre-indonesia\\\/#breadcrumb\",\"itemListElement\":[{\"@type\":\"ListItem\",\"position\":1,\"name\":\"Home\",\"item\":\"https:\\\/\\\/cruisingindonesia.com\\\/es\\\/\"},{\"@type\":\"ListItem\",\"position\":2,\"name\":\"Informacion sobre Indonesia\"}]},{\"@type\":\"WebSite\",\"@id\":\"https:\\\/\\\/cruisingindonesia.com\\\/es\\\/#website\",\"url\":\"https:\\\/\\\/cruisingindonesia.com\\\/es\\\/\",\"name\":\"Cruising Indonesia\",\"description\":\"\",\"publisher\":{\"@id\":\"https:\\\/\\\/cruisingindonesia.com\\\/es\\\/#organization\"},\"potentialAction\":[{\"@type\":\"SearchAction\",\"target\":{\"@type\":\"EntryPoint\",\"urlTemplate\":\"https:\\\/\\\/cruisingindonesia.com\\\/es\\\/?s={search_term_string}\"},\"query-input\":{\"@type\":\"PropertyValueSpecification\",\"valueRequired\":true,\"valueName\":\"search_term_string\"}}],\"inLanguage\":\"es\"},{\"@type\":\"Organization\",\"@id\":\"https:\\\/\\\/cruisingindonesia.com\\\/es\\\/#organization\",\"name\":\"Cruising Indonesia\",\"url\":\"https:\\\/\\\/cruisingindonesia.com\\\/es\\\/\",\"logo\":{\"@type\":\"ImageObject\",\"inLanguage\":\"es\",\"@id\":\"https:\\\/\\\/cruisingindonesia.com\\\/es\\\/#\\\/schema\\\/logo\\\/image\\\/\",\"url\":\"https:\\\/\\\/cruisingindonesia.com\\\/wp-content\\\/uploads\\\/2024\\\/11\\\/cruising-indonesia-logo1.png\",\"contentUrl\":\"https:\\\/\\\/cruisingindonesia.com\\\/wp-content\\\/uploads\\\/2024\\\/11\\\/cruising-indonesia-logo1.png\",\"width\":400,\"height\":176,\"caption\":\"Cruising Indonesia\"},\"image\":{\"@id\":\"https:\\\/\\\/cruisingindonesia.com\\\/es\\\/#\\\/schema\\\/logo\\\/image\\\/\"},\"sameAs\":[\"https:\\\/\\\/www.facebook.com\\\/CRUISING.INDONESIA\",\"https:\\\/\\\/x.com\\\/jazcruise\",\"https:\\\/\\\/www.instagram.com\\\/cruising_indonesia\\\/\",\"https:\\\/\\\/www.youtube.com\\\/channel\\\/UC74_J5xXmEqYvVOprsu02wQ\"]}]}<\/script>\n<!-- \/ Yoast SEO plugin. -->","yoast_head_json":{"title":"Informacion sobre Indonesia - Cruising Indonesia","robots":{"index":"index","follow":"follow","max-snippet":"max-snippet:-1","max-image-preview":"max-image-preview:large","max-video-preview":"max-video-preview:-1"},"canonical":"https:\/\/cruisingindonesia.com\/es\/informacion-sobre-indonesia\/","og_locale":"es_ES","og_type":"article","og_title":"Informacion sobre Indonesia - Cruising Indonesia","og_description":"Ubicadas entorno a la l\u00ednea ecuatorial, las 17.500* islas y atolones que lo conforman se extienden por casi 5.000 km de Este a Oeste y por m\u00e1s de 2.000 km de Norte a Sur. Dos millones de kil\u00f3metros cuadrados de tierra, monta\u00f1as, selva y 3 millones de kil\u00f3metros cuadrados de mar, 6 mares, 80.000 km [&hellip;]","og_url":"https:\/\/cruisingindonesia.com\/es\/informacion-sobre-indonesia\/","og_site_name":"Cruising Indonesia","article_publisher":"https:\/\/www.facebook.com\/CRUISING.INDONESIA","twitter_card":"summary_large_image","twitter_site":"@jazcruise","twitter_misc":{"Tiempo de lectura":"3 minutos"},"schema":{"@context":"https:\/\/schema.org","@graph":[{"@type":"WebPage","@id":"https:\/\/cruisingindonesia.com\/es\/informacion-sobre-indonesia\/","url":"https:\/\/cruisingindonesia.com\/es\/informacion-sobre-indonesia\/","name":"Informacion sobre Indonesia - Cruising Indonesia","isPartOf":{"@id":"https:\/\/cruisingindonesia.com\/es\/#website"},"primaryImageOfPage":{"@id":"https:\/\/cruisingindonesia.com\/es\/informacion-sobre-indonesia\/#primaryimage"},"image":{"@id":"https:\/\/cruisingindonesia.com\/es\/informacion-sobre-indonesia\/#primaryimage"},"thumbnailUrl":"https:\/\/cruisingindonesia.com\/wp-content\/uploads\/2014\/08\/indonesian_archipelago_mozaic.bmp","datePublished":"2014-08-22T07:21:58+00:00","breadcrumb":{"@id":"https:\/\/cruisingindonesia.com\/es\/informacion-sobre-indonesia\/#breadcrumb"},"inLanguage":"es","potentialAction":[{"@type":"ReadAction","target":["https:\/\/cruisingindonesia.com\/es\/informacion-sobre-indonesia\/"]}]},{"@type":"ImageObject","inLanguage":"es","@id":"https:\/\/cruisingindonesia.com\/es\/informacion-sobre-indonesia\/#primaryimage","url":"https:\/\/cruisingindonesia.com\/wp-content\/uploads\/2014\/08\/indonesian_archipelago_mozaic.bmp","contentUrl":"https:\/\/cruisingindonesia.com\/wp-content\/uploads\/2014\/08\/indonesian_archipelago_mozaic.bmp","width":1124,"height":578,"caption":"Indonesian Archipelago Overview"},{"@type":"BreadcrumbList","@id":"https:\/\/cruisingindonesia.com\/es\/informacion-sobre-indonesia\/#breadcrumb","itemListElement":[{"@type":"ListItem","position":1,"name":"Home","item":"https:\/\/cruisingindonesia.com\/es\/"},{"@type":"ListItem","position":2,"name":"Informacion sobre Indonesia"}]},{"@type":"WebSite","@id":"https:\/\/cruisingindonesia.com\/es\/#website","url":"https:\/\/cruisingindonesia.com\/es\/","name":"Cruising Indonesia","description":"","publisher":{"@id":"https:\/\/cruisingindonesia.com\/es\/#organization"},"potentialAction":[{"@type":"SearchAction","target":{"@type":"EntryPoint","urlTemplate":"https:\/\/cruisingindonesia.com\/es\/?s={search_term_string}"},"query-input":{"@type":"PropertyValueSpecification","valueRequired":true,"valueName":"search_term_string"}}],"inLanguage":"es"},{"@type":"Organization","@id":"https:\/\/cruisingindonesia.com\/es\/#organization","name":"Cruising Indonesia","url":"https:\/\/cruisingindonesia.com\/es\/","logo":{"@type":"ImageObject","inLanguage":"es","@id":"https:\/\/cruisingindonesia.com\/es\/#\/schema\/logo\/image\/","url":"https:\/\/cruisingindonesia.com\/wp-content\/uploads\/2024\/11\/cruising-indonesia-logo1.png","contentUrl":"https:\/\/cruisingindonesia.com\/wp-content\/uploads\/2024\/11\/cruising-indonesia-logo1.png","width":400,"height":176,"caption":"Cruising Indonesia"},"image":{"@id":"https:\/\/cruisingindonesia.com\/es\/#\/schema\/logo\/image\/"},"sameAs":["https:\/\/www.facebook.com\/CRUISING.INDONESIA","https:\/\/x.com\/jazcruise","https:\/\/www.instagram.com\/cruising_indonesia\/","https:\/\/www.youtube.com\/channel\/UC74_J5xXmEqYvVOprsu02wQ"]}]}},"_links":{"self":[{"href":"https:\/\/cruisingindonesia.com\/es\/wp-json\/wp\/v2\/pages\/215","targetHints":{"allow":["GET"]}}],"collection":[{"href":"https:\/\/cruisingindonesia.com\/es\/wp-json\/wp\/v2\/pages"}],"about":[{"href":"https:\/\/cruisingindonesia.com\/es\/wp-json\/wp\/v2\/types\/page"}],"author":[{"embeddable":true,"href":"https:\/\/cruisingindonesia.com\/es\/wp-json\/wp\/v2\/users\/1"}],"replies":[{"embeddable":true,"href":"https:\/\/cruisingindonesia.com\/es\/wp-json\/wp\/v2\/comments?post=215"}],"version-history":[{"count":0,"href":"https:\/\/cruisingindonesia.com\/es\/wp-json\/wp\/v2\/pages\/215\/revisions"}],"wp:featuredmedia":[{"embeddable":true,"href":"https:\/\/cruisingindonesia.com\/es\/wp-json\/wp\/v2\/media\/213"}],"wp:attachment":[{"href":"https:\/\/cruisingindonesia.com\/es\/wp-json\/wp\/v2\/media?parent=215"}],"curies":[{"name":"wp","href":"https:\/\/api.w.org\/{rel}","templated":true}]}}