{"id":232,"date":"2014-08-22T07:21:58","date_gmt":"2014-08-22T07:21:58","guid":{"rendered":"https:\/\/cruisingindonesia.com\/scopri-indonesia\/"},"modified":"2024-11-26T11:46:51","modified_gmt":"2024-11-26T11:46:51","slug":"scopri-indonesia","status":"publish","type":"page","link":"https:\/\/cruisingindonesia.com\/it\/scopri-indonesia\/","title":{"rendered":"Scopri Indonesia"},"content":{"rendered":"<h1><sub>VIAGGI E SUBACQUEA IN INDONESIA<\/sub><\/h1>\n<p>Posta a cavallo dell\u2019equatore, tra l\u2019Asia e l\u2019Australia, l\u2019Indonesia misura 5.000 km da ovest a est, e oltre 2.000 da nord a sud. Un arcipelago di 17.500* isole e atolli di cui pi\u00f9 di 6.000 disabitate; 2 milioni di km2 di montagne, giungle e 6 mari, che coprono pi\u00f9 di 3 milioni di km2 ed 80 mila km di coste. Profonde acque blu e centinaia di barriere coralline, ancora inesplorate, ospitano la pi\u00f9 grande biodiversit\u00e0 del pianeta (il 17% dei coralli esistenti al mondo si trova qui).<\/p>\n<p>Spiagge deserte di fine sabbia bianca orlate da palme, lagune turchesi, foreste tropicali, vulcani che emergono dalle acque, 400 gruppi etnici che ancora vivono nel rispetto di tradizioni ancestrali, isole remote dove la gente del posto non ha mai visto un turista e vi accoglie con curiosit\u00e0 e gentilezza. In alcune zone del paese si ha la netta sensazione di essere ai confini del mondo e del tempo.<\/p>\n<p>Paesaggisticamente, l\u2019Indonesia offre la pi\u00f9 grande variet\u00e0 di scenari; isole delle dimensioni di grandi paesi, Sumatra ad esempio \u00e8 pi\u00f9 grande della Spagna; West Papua \u00e8 una volta e mezzo l\u2019Italia, Il Borneo e la terza isola del mondo per grandezza, con montagne che spesso superano i 3.000 metri, fino alla cima pi\u00f9 alta del paese che raggiunge i 4.800 metri, oppure perfetti coni vulcanici che emergono solitari dal mare, e una miriade di piccole e piccolissime isole, atolli, scogli, disseminate nell\u2019immensit\u00e0 del mare.<\/p>\n<p><img loading=\"lazy\" decoding=\"async\" class=\" size-full wp-image-213\" src=\"https:\/\/cruisingindonesia.com\/wp-content\/uploads\/2014\/08\/indonesian_archipelago_mozaic.bmp\" alt=\"Indonesian Archipelago Overview\" width=\"1124\" height=\"578\" srcset=\"https:\/\/cruisingindonesia.com\/wp-content\/uploads\/2014\/08\/indonesian_archipelago_mozaic.bmp 1124w, https:\/\/cruisingindonesia.com\/wp-content\/uploads\/2014\/08\/indonesian_archipelago_mozaic-1000x514.jpg 1000w, https:\/\/cruisingindonesia.com\/wp-content\/uploads\/2014\/08\/indonesian_archipelago_mozaic-875x450.jpg 875w, https:\/\/cruisingindonesia.com\/wp-content\/uploads\/2014\/08\/indonesian_archipelago_mozaic-768x395.jpg 768w\" sizes=\"auto, (max-width: 1124px) 100vw, 1124px\" \/><\/p>\n<p>Culture uniche e affascinanti come a Bali, dove le cerimonie religiose sono il fulcro della vita sociale, e in cui la popolazione esprime tutta la sua eleganza e creativit\u00e0, oppure il mondo affascinante dei Toraja di Sulawesi, famosi per i fastosi funerali, per cui le famiglie dilapidano fortune sacrificando centinaia di bufali. Nell\u2019isola di Sumba una volta all\u2019anno i giovani pi\u00f9 vigorosi delle varie trib\u00f9 si sfidano in una cruenta battaglia a cavallo con lance e scudi, mentre a Flores, Alor e Timor, le popolazioni seguono ancora rituali animistici ancestrali, e si potrebbe continuare all\u2019infinito nell\u2019 elencare luoghi ancora tutti da scoprire.<\/p>\n<p>Un viaggio in Indonesia non delude mai! Spiagge, immersioni fantastiche, culture sconosciute, esplorazioni e trekking per i pi\u00f9 avventurosi, e per chi ama le comodit\u00e0, il paese dispone di alberghi e resort, in assoluto tra i pi\u00f9 eleganti e lussuosi al mondo. A Bali, in particolare, il rapporto prezzo qualit\u00e0, non ha confronti. Hotels, spa, ville di lusso, ristoranti e frizzante vita notturna possono essere il gran finale di un viaggio veramente indimenticabile.<\/p>\n<p>______<\/p>\n<p><sub>(*) 18,307 d&#8217;accordo al National Institute of Aeronautics and Space<\/sub><\/p>\n<hr \/>\n<h2 style=\"text-align: center;\"><sub>Cruising Indonesia | Specialisti Liveaboard e Viaggi Sub<\/sub><\/h2>\n<p>Cruising Indonesia\u00a0si impegna ad offrirti una vacanza subacquea perfetta, assistenza personalizzata per tutta la durata del vostro viaggio, e ti da anche garanzia del miglior prezzo. Contattaci e organizzeremo tutto ci\u00f2 di cui hai bisogno: tutti i dettagli della prenotazione del tuo liveaboard o resort, il soggiorno e le tue immersioni, i voli internazionali e nazionali, i servizi a terra, un&#8217;affascinante tour, una magnifica villa&#8230;<\/p>\n<p style=\"text-align: center;\"><a class=\"button\" href=\"\/it\/contatti\">PRENOTA UN VIAGGIO IN INDONESIA!<\/a><\/p>\n","protected":false},"excerpt":{"rendered":"<p>VIAGGI E SUBACQUEA IN INDONESIA Posta a cavallo dell\u2019equatore, tra l\u2019Asia e l\u2019Australia, l\u2019Indonesia misura 5.000 km da ovest a est, e oltre 2.000 da nord a sud. Un arcipelago di 17.500* isole e atolli di cui pi\u00f9 di 6.000 disabitate; 2 milioni di km2 di montagne, giungle e 6 mari, che coprono pi\u00f9 di [&hellip;]<\/p>\n","protected":false},"author":1,"featured_media":213,"parent":0,"menu_order":23,"comment_status":"closed","ping_status":"closed","template":"","meta":{"footnotes":""},"class_list":["post-232","page","type-page","status-publish","has-post-thumbnail","hentry"],"yoast_head":"<!-- This site is optimized with the Yoast SEO plugin v27.4 - https:\/\/yoast.com\/product\/yoast-seo-wordpress\/ -->\n<title>Scopri Indonesia - Cruising Indonesia<\/title>\n<meta name=\"description\" content=\"Proposte di Viaggi e Crociere in Indonesia, assistenza personalizzata, in italiano, per tutta la durata del vostro viaggio in Indonesia\" \/>\n<meta name=\"robots\" content=\"index, follow, max-snippet:-1, max-image-preview:large, max-video-preview:-1\" \/>\n<link rel=\"canonical\" href=\"https:\/\/cruisingindonesia.com\/it\/scopri-indonesia\/\" \/>\n<meta property=\"og:locale\" content=\"it_IT\" \/>\n<meta property=\"og:type\" content=\"article\" \/>\n<meta property=\"og:title\" content=\"Scopri Indonesia - Cruising Indonesia\" \/>\n<meta property=\"og:description\" content=\"Proposte di Viaggi e Crociere in Indonesia, assistenza personalizzata, in italiano, per tutta la durata del vostro viaggio in Indonesia\" \/>\n<meta property=\"og:url\" content=\"https:\/\/cruisingindonesia.com\/it\/scopri-indonesia\/\" \/>\n<meta property=\"og:site_name\" content=\"Cruising Indonesia\" \/>\n<meta property=\"article:publisher\" content=\"https:\/\/www.facebook.com\/CRUISING.INDONESIA\" \/>\n<meta property=\"article:modified_time\" content=\"2024-11-26T11:46:51+00:00\" \/>\n<meta name=\"twitter:card\" content=\"summary_large_image\" \/>\n<meta name=\"twitter:site\" content=\"@jazcruise\" \/>\n<meta name=\"twitter:label1\" content=\"Tempo di lettura stimato\" \/>\n\t<meta name=\"twitter:data1\" content=\"3 minuti\" \/>\n<script type=\"application\/ld+json\" class=\"yoast-schema-graph\">{\"@context\":\"https:\\\/\\\/schema.org\",\"@graph\":[{\"@type\":\"WebPage\",\"@id\":\"https:\\\/\\\/cruisingindonesia.com\\\/it\\\/scopri-indonesia\\\/\",\"url\":\"https:\\\/\\\/cruisingindonesia.com\\\/it\\\/scopri-indonesia\\\/\",\"name\":\"Scopri Indonesia - Cruising Indonesia\",\"isPartOf\":{\"@id\":\"https:\\\/\\\/cruisingindonesia.com\\\/it\\\/#website\"},\"primaryImageOfPage\":{\"@id\":\"https:\\\/\\\/cruisingindonesia.com\\\/it\\\/scopri-indonesia\\\/#primaryimage\"},\"image\":{\"@id\":\"https:\\\/\\\/cruisingindonesia.com\\\/it\\\/scopri-indonesia\\\/#primaryimage\"},\"thumbnailUrl\":\"https:\\\/\\\/cruisingindonesia.com\\\/wp-content\\\/uploads\\\/2014\\\/08\\\/indonesian_archipelago_mozaic.bmp\",\"datePublished\":\"2014-08-22T07:21:58+00:00\",\"dateModified\":\"2024-11-26T11:46:51+00:00\",\"description\":\"Proposte di Viaggi e Crociere in Indonesia, assistenza personalizzata, in italiano, per tutta la durata del vostro viaggio in Indonesia\",\"breadcrumb\":{\"@id\":\"https:\\\/\\\/cruisingindonesia.com\\\/it\\\/scopri-indonesia\\\/#breadcrumb\"},\"inLanguage\":\"it-IT\",\"potentialAction\":[{\"@type\":\"ReadAction\",\"target\":[\"https:\\\/\\\/cruisingindonesia.com\\\/it\\\/scopri-indonesia\\\/\"]}]},{\"@type\":\"ImageObject\",\"inLanguage\":\"it-IT\",\"@id\":\"https:\\\/\\\/cruisingindonesia.com\\\/it\\\/scopri-indonesia\\\/#primaryimage\",\"url\":\"https:\\\/\\\/cruisingindonesia.com\\\/wp-content\\\/uploads\\\/2014\\\/08\\\/indonesian_archipelago_mozaic.bmp\",\"contentUrl\":\"https:\\\/\\\/cruisingindonesia.com\\\/wp-content\\\/uploads\\\/2014\\\/08\\\/indonesian_archipelago_mozaic.bmp\",\"width\":1124,\"height\":578,\"caption\":\"Indonesian Archipelago Overview\"},{\"@type\":\"BreadcrumbList\",\"@id\":\"https:\\\/\\\/cruisingindonesia.com\\\/it\\\/scopri-indonesia\\\/#breadcrumb\",\"itemListElement\":[{\"@type\":\"ListItem\",\"position\":1,\"name\":\"Home\",\"item\":\"https:\\\/\\\/cruisingindonesia.com\\\/it\\\/\"},{\"@type\":\"ListItem\",\"position\":2,\"name\":\"Scopri Indonesia\"}]},{\"@type\":\"WebSite\",\"@id\":\"https:\\\/\\\/cruisingindonesia.com\\\/it\\\/#website\",\"url\":\"https:\\\/\\\/cruisingindonesia.com\\\/it\\\/\",\"name\":\"Cruising Indonesia\",\"description\":\"\",\"publisher\":{\"@id\":\"https:\\\/\\\/cruisingindonesia.com\\\/it\\\/#organization\"},\"potentialAction\":[{\"@type\":\"SearchAction\",\"target\":{\"@type\":\"EntryPoint\",\"urlTemplate\":\"https:\\\/\\\/cruisingindonesia.com\\\/it\\\/?s={search_term_string}\"},\"query-input\":{\"@type\":\"PropertyValueSpecification\",\"valueRequired\":true,\"valueName\":\"search_term_string\"}}],\"inLanguage\":\"it-IT\"},{\"@type\":\"Organization\",\"@id\":\"https:\\\/\\\/cruisingindonesia.com\\\/it\\\/#organization\",\"name\":\"Cruising Indonesia\",\"url\":\"https:\\\/\\\/cruisingindonesia.com\\\/it\\\/\",\"logo\":{\"@type\":\"ImageObject\",\"inLanguage\":\"it-IT\",\"@id\":\"https:\\\/\\\/cruisingindonesia.com\\\/it\\\/#\\\/schema\\\/logo\\\/image\\\/\",\"url\":\"https:\\\/\\\/cruisingindonesia.com\\\/wp-content\\\/uploads\\\/2024\\\/11\\\/cruising-indonesia-logo1.png\",\"contentUrl\":\"https:\\\/\\\/cruisingindonesia.com\\\/wp-content\\\/uploads\\\/2024\\\/11\\\/cruising-indonesia-logo1.png\",\"width\":400,\"height\":176,\"caption\":\"Cruising Indonesia\"},\"image\":{\"@id\":\"https:\\\/\\\/cruisingindonesia.com\\\/it\\\/#\\\/schema\\\/logo\\\/image\\\/\"},\"sameAs\":[\"https:\\\/\\\/www.facebook.com\\\/CRUISING.INDONESIA\",\"https:\\\/\\\/x.com\\\/jazcruise\",\"https:\\\/\\\/www.instagram.com\\\/cruising_indonesia\\\/\",\"https:\\\/\\\/www.youtube.com\\\/channel\\\/UC74_J5xXmEqYvVOprsu02wQ\"]}]}<\/script>\n<!-- \/ Yoast SEO plugin. -->","yoast_head_json":{"title":"Scopri Indonesia - Cruising Indonesia","description":"Proposte di Viaggi e Crociere in Indonesia, assistenza personalizzata, in italiano, per tutta la durata del vostro viaggio in Indonesia","robots":{"index":"index","follow":"follow","max-snippet":"max-snippet:-1","max-image-preview":"max-image-preview:large","max-video-preview":"max-video-preview:-1"},"canonical":"https:\/\/cruisingindonesia.com\/it\/scopri-indonesia\/","og_locale":"it_IT","og_type":"article","og_title":"Scopri Indonesia - Cruising Indonesia","og_description":"Proposte di Viaggi e Crociere in Indonesia, assistenza personalizzata, in italiano, per tutta la durata del vostro viaggio in Indonesia","og_url":"https:\/\/cruisingindonesia.com\/it\/scopri-indonesia\/","og_site_name":"Cruising Indonesia","article_publisher":"https:\/\/www.facebook.com\/CRUISING.INDONESIA","article_modified_time":"2024-11-26T11:46:51+00:00","twitter_card":"summary_large_image","twitter_site":"@jazcruise","twitter_misc":{"Tempo di lettura stimato":"3 minuti"},"schema":{"@context":"https:\/\/schema.org","@graph":[{"@type":"WebPage","@id":"https:\/\/cruisingindonesia.com\/it\/scopri-indonesia\/","url":"https:\/\/cruisingindonesia.com\/it\/scopri-indonesia\/","name":"Scopri Indonesia - Cruising Indonesia","isPartOf":{"@id":"https:\/\/cruisingindonesia.com\/it\/#website"},"primaryImageOfPage":{"@id":"https:\/\/cruisingindonesia.com\/it\/scopri-indonesia\/#primaryimage"},"image":{"@id":"https:\/\/cruisingindonesia.com\/it\/scopri-indonesia\/#primaryimage"},"thumbnailUrl":"https:\/\/cruisingindonesia.com\/wp-content\/uploads\/2014\/08\/indonesian_archipelago_mozaic.bmp","datePublished":"2014-08-22T07:21:58+00:00","dateModified":"2024-11-26T11:46:51+00:00","description":"Proposte di Viaggi e Crociere in Indonesia, assistenza personalizzata, in italiano, per tutta la durata del vostro viaggio in Indonesia","breadcrumb":{"@id":"https:\/\/cruisingindonesia.com\/it\/scopri-indonesia\/#breadcrumb"},"inLanguage":"it-IT","potentialAction":[{"@type":"ReadAction","target":["https:\/\/cruisingindonesia.com\/it\/scopri-indonesia\/"]}]},{"@type":"ImageObject","inLanguage":"it-IT","@id":"https:\/\/cruisingindonesia.com\/it\/scopri-indonesia\/#primaryimage","url":"https:\/\/cruisingindonesia.com\/wp-content\/uploads\/2014\/08\/indonesian_archipelago_mozaic.bmp","contentUrl":"https:\/\/cruisingindonesia.com\/wp-content\/uploads\/2014\/08\/indonesian_archipelago_mozaic.bmp","width":1124,"height":578,"caption":"Indonesian Archipelago Overview"},{"@type":"BreadcrumbList","@id":"https:\/\/cruisingindonesia.com\/it\/scopri-indonesia\/#breadcrumb","itemListElement":[{"@type":"ListItem","position":1,"name":"Home","item":"https:\/\/cruisingindonesia.com\/it\/"},{"@type":"ListItem","position":2,"name":"Scopri Indonesia"}]},{"@type":"WebSite","@id":"https:\/\/cruisingindonesia.com\/it\/#website","url":"https:\/\/cruisingindonesia.com\/it\/","name":"Cruising Indonesia","description":"","publisher":{"@id":"https:\/\/cruisingindonesia.com\/it\/#organization"},"potentialAction":[{"@type":"SearchAction","target":{"@type":"EntryPoint","urlTemplate":"https:\/\/cruisingindonesia.com\/it\/?s={search_term_string}"},"query-input":{"@type":"PropertyValueSpecification","valueRequired":true,"valueName":"search_term_string"}}],"inLanguage":"it-IT"},{"@type":"Organization","@id":"https:\/\/cruisingindonesia.com\/it\/#organization","name":"Cruising Indonesia","url":"https:\/\/cruisingindonesia.com\/it\/","logo":{"@type":"ImageObject","inLanguage":"it-IT","@id":"https:\/\/cruisingindonesia.com\/it\/#\/schema\/logo\/image\/","url":"https:\/\/cruisingindonesia.com\/wp-content\/uploads\/2024\/11\/cruising-indonesia-logo1.png","contentUrl":"https:\/\/cruisingindonesia.com\/wp-content\/uploads\/2024\/11\/cruising-indonesia-logo1.png","width":400,"height":176,"caption":"Cruising Indonesia"},"image":{"@id":"https:\/\/cruisingindonesia.com\/it\/#\/schema\/logo\/image\/"},"sameAs":["https:\/\/www.facebook.com\/CRUISING.INDONESIA","https:\/\/x.com\/jazcruise","https:\/\/www.instagram.com\/cruising_indonesia\/","https:\/\/www.youtube.com\/channel\/UC74_J5xXmEqYvVOprsu02wQ"]}]}},"_links":{"self":[{"href":"https:\/\/cruisingindonesia.com\/it\/wp-json\/wp\/v2\/pages\/232","targetHints":{"allow":["GET"]}}],"collection":[{"href":"https:\/\/cruisingindonesia.com\/it\/wp-json\/wp\/v2\/pages"}],"about":[{"href":"https:\/\/cruisingindonesia.com\/it\/wp-json\/wp\/v2\/types\/page"}],"author":[{"embeddable":true,"href":"https:\/\/cruisingindonesia.com\/it\/wp-json\/wp\/v2\/users\/1"}],"replies":[{"embeddable":true,"href":"https:\/\/cruisingindonesia.com\/it\/wp-json\/wp\/v2\/comments?post=232"}],"version-history":[{"count":1,"href":"https:\/\/cruisingindonesia.com\/it\/wp-json\/wp\/v2\/pages\/232\/revisions"}],"predecessor-version":[{"id":7812,"href":"https:\/\/cruisingindonesia.com\/it\/wp-json\/wp\/v2\/pages\/232\/revisions\/7812"}],"wp:featuredmedia":[{"embeddable":true,"href":"https:\/\/cruisingindonesia.com\/it\/wp-json\/wp\/v2\/media\/213"}],"wp:attachment":[{"href":"https:\/\/cruisingindonesia.com\/it\/wp-json\/wp\/v2\/media?parent=232"}],"curies":[{"name":"wp","href":"https:\/\/api.w.org\/{rel}","templated":true}]}}